{"id":241,"date":"2022-07-21T08:18:45","date_gmt":"2022-07-21T06:18:45","guid":{"rendered":"http:\/\/donejakuebidea.sakana.eus\/hasiera\/"},"modified":"2025-11-17T13:33:04","modified_gmt":"2025-11-17T11:33:04","slug":"hasiera","status":"publish","type":"page","link":"http:\/\/donejakuebidea.sakana.eus\/es\/","title":{"rendered":"Inicio"},"content":{"rendered":"<p>[et_pb_section fb_built=\u00bb1&#8243; admin_label=\u00bbVideo Section\u00bb _builder_version=\u00bb4.16&#8243; _module_preset=\u00bbdefault\u00bb background_color=\u00bb#1d140b\u00bb custom_padding=\u00bb0px|0px|0px|0px\u00bb saved_tabs=\u00bball\u00bb collapsed=\u00bboff\u00bb global_colors_info=\u00bb{}\u00bb][et_pb_row use_custom_gutter=\u00bbon\u00bb gutter_width=\u00bb1&#8243; admin_label=\u00bbVideo Row\u00bb module_class=\u00bb et_pb_row_fullwidth\u00bb _builder_version=\u00bb4.16&#8243; _module_preset=\u00bbdefault\u00bb width=\u00bb100%\u00bb width_tablet=\u00bb100%\u00bb width_phone=\u00bb100%\u00bb width_last_edited=\u00bbon|desktop\u00bb max_width=\u00bb100%\u00bb max_width_tablet=\u00bb100%\u00bb max_width_phone=\u00bb100%\u00bb max_width_last_edited=\u00bbon|desktop\u00bb custom_padding=\u00bb0px|0px|0px|0px\u00bb make_fullwidth=\u00bbon\u00bb global_colors_info=\u00bb{}\u00bb][et_pb_column type=\u00bb4_4&#8243; _builder_version=\u00bb4.16&#8243; _module_preset=\u00bbdefault\u00bb custom_padding=\u00bb|||\u00bb global_colors_info=\u00bb{}\u00bb custom_padding__hover=\u00bb|||\u00bb][et_pb_video src=\u00bbhttps:\/\/www.youtube.com\/watch?v=w53Kgrc0heg\u00bb image_src=\u00bb\/\/i.ytimg.com\/vi\/w53Kgrc0heg\/hqdefault.jpg\u00bb play_icon_color=\u00bb#ffffff\u00bb _builder_version=\u00bb4.17.4&#8243; _module_preset=\u00bbdefault\u00bb max_width_tablet=\u00bb100%\u00bb max_width_last_edited=\u00bboff|desktop\u00bb module_alignment=\u00bbcenter\u00bb animation_style=\u00bbzoom\u00bb animation_intensity_zoom=\u00bb14%\u00bb global_colors_info=\u00bb{}\u00bb][\/et_pb_video][\/et_pb_column][\/et_pb_row][\/et_pb_section][et_pb_section fb_built=\u00bb1&#8243; admin_label=\u00bbHistoria\u00bb _builder_version=\u00bb4.17.4&#8243; _module_preset=\u00bbdefault\u00bb background_color=\u00bb#e0e0e0&#8243; custom_margin=\u00bb||50px||false|false\u00bb global_colors_info=\u00bb{}\u00bb][et_pb_row _builder_version=\u00bb4.17.4&#8243; _module_preset=\u00bbdefault\u00bb global_colors_info=\u00bb{}\u00bb][et_pb_column type=\u00bb4_4&#8243; _builder_version=\u00bb4.17.4&#8243; _module_preset=\u00bbdefault\u00bb global_colors_info=\u00bb{}\u00bb][et_pb_text _builder_version=\u00bb4.17.4&#8243; _module_preset=\u00bbdefault\u00bb text_orientation=\u00bbjustified\u00bb custom_margin=\u00bb||50px||false|false\u00bb custom_padding=\u00bb||20px||false|false\u00bb global_colors_info=\u00bb{}\u00bb]<\/p>\n<p>Protegido por las sierras de <strong>Aralar, Urbasa y And\u00eda<\/strong>, al noroeste de Navarra, se encuentra el hermoso valle de Sakana, un largo corredor de verdes praderas y antiguos bosques de robles y hayas. A ambos lados del r\u00edo <strong>Burunda-Arakil<\/strong>, que recorre el valle de este a oeste, se encuentran sus 30 pueblos, que hasta hace pocos a\u00f1os se agrupaban en las comarcas de <strong>Burunda, Aranatz, Ergoiena y Arakil<\/strong>. En el centro, se levanta el monte Beriain, tambi\u00e9n llamado <strong>San Donato<\/strong>, con su magn\u00edfica presencia es s\u00edmbolo del valle y el punto m\u00e1s alto de una sierra que es frontera bioclim\u00e1tica y cultural entre la zona atl\u00e1ntica y la mediterr\u00e1nea.<\/p>\n<p><strong>Biaizpe (Dos Hermanas), el monte Erga y el paso de Osk\u00eda<\/strong> lo cierran por el este y por el oeste se abre a la Llanada Alavesa y a Gipuzkoa con el parque natural de <strong>Aratz-Aizkorri.<\/strong><\/p>\n<p>En los rasos de estos montes, junto con caballos y vacas, pasta la oveja latxa, tan presente e importante en Sakana, sobre todo por el excelente queso que con denominaci\u00f3n de origen de Idiazabal, uno entre tantos alimentos que elaboran los productores locales; txistorra, una hogaza de pan o miel puede ser un buen obsequio para llevarte a casa.<\/p>\n<p>Experimenta las miles de historias que los habitantes del valle de Sakana tienen guardadas para ti a lo largo del valle. Ferias, fiestas y romer\u00edas son algunas de las tradiciones que conservan en sus pueblos.<\/p>\n<p>[\/et_pb_text][\/et_pb_column][\/et_pb_row][\/et_pb_section][et_pb_section fb_built=\u00bb1&#8243; admin_label=\u00bbHistoria\u00bb module_id=\u00bbhistoria\u00bb _builder_version=\u00bb4.17.4&#8243; _module_preset=\u00bbdefault\u00bb custom_margin=\u00bb||50px||false|false\u00bb global_colors_info=\u00bb{}\u00bb][et_pb_row _builder_version=\u00bb4.17.4&#8243; _module_preset=\u00bbdefault\u00bb global_colors_info=\u00bb{}\u00bb][et_pb_column type=\u00bb4_4&#8243; _builder_version=\u00bb4.17.4&#8243; _module_preset=\u00bbdefault\u00bb global_colors_info=\u00bb{}\u00bb][et_pb_text admin_label=\u00bbTittle\u00bb _builder_version=\u00bb4.17.4&#8243; _module_preset=\u00bbdefault\u00bb text_font=\u00bbNunito||||||||\u00bb text_line_height=\u00bb1.8em\u00bb header_font=\u00bb||||||||\u00bb header_2_font=\u00bbOswald|||on|||||\u00bb header_2_text_align=\u00bbcenter\u00bb header_2_font_size=\u00bb40px\u00bb header_2_letter_spacing=\u00bb1px\u00bb header_2_line_height=\u00bb1.5em\u00bb header_3_font=\u00bb||||||||\u00bb max_width=\u00bb600px\u00bb max_width_last_edited=\u00bboff|desktop\u00bb module_alignment=\u00bbcenter\u00bb custom_margin=\u00bb|||\u00bb global_colors_info=\u00bb{}\u00bb]<\/p>\n<h2>Historia<\/h2>\n<p>[\/et_pb_text][et_pb_text _builder_version=\u00bb4.17.4&#8243; _module_preset=\u00bbdefault\u00bb text_orientation=\u00bbjustified\u00bb custom_margin=\u00bb||50px||false|false\u00bb custom_padding=\u00bb||20px||false|false\u00bb global_colors_info=\u00bb{}\u00bb]<\/p>\n<p>El origen del Camino de Santiago de Sakana, nos lleva a \u00e9pocas anteriores, siglo primero de nuestra era, cuando las legiones romanas construyeron la conocida calzada \u201cIter XXXIV\u201d de Burdeos (Galias-Francia) hasta Astorga (Le\u00f3n). Una de sus funciones era la de comunicar las Galias con las minas de oro de Las Medulas, cerca de Astorga. Entraba en Navarra por Roncesvalles (Summo Pirineo) y tras llegar a Pamplona (Pompaelo), segu\u00eda hacia Orkoien, Iza, Lete, Atondo (Alentone) y entrar\u00eda a nuestro valle por el paso de Oskia. La siguiente parada era en Zamartze (Aracaeli), en Burunda por Olazagut\u00eda (Angustina) y saliendo de Navarra por Ziordia, cruza la llanada alavesa por San Rom\u00e1n de San Mill\u00e1n (Alba-Albeniz) hasta Vitoria, Miranda de Ebro, Briviesca, Burgos hasta Ast\u00farica (Astorga). Existen registros y noticias de esta v\u00eda desde el Alto Imperio Romano.<\/p>\n<p>En los \u00faltimos a\u00f1os se ha ido confirmando que los peregrinos utilizaron para ir hacia Compostela la calzada romana Iter XXXIV Burdeos Astorga que construyeron los romanos en el siglo I.<\/p>\n<p>El Camino de Santiago de Sakana es un nuevo trazado del Camino de Santiago que viene a recuperar la hist\u00f3rica ruta jacobea que un\u00eda Pamplona con Vitoria. Fue la ruta que siguieron los peregrinos originalmente para ir hacia Compostela, desde el siglo IX hasta que en el siglo XI, el rey Sancho el Mayor de Navarra decide que los peregrinos sigan desde Pamplona hacia el suroeste por el llamado \u201cCamino Franc\u00e9s\u201d.<\/p>\n<p>Esto hizo que esta ruta principal pasase a ser \u201cruta menor\u201d y con el tiempo, la vieja ruta fue quedando en el olvido.<\/p>\n<p>Desde el a\u00f1o 2016 y enmarcado dentro del Plan Estrat\u00e9gico de Sakana, se han dado varios pasos para recuperar esta ruta, habi\u00e9ndose definido un nuevo trazado (respetando el trazado hist\u00f3rico, conectando las localidades de Sakana y poniendo el valor los principales hitos del Camino en nuestro valle).<\/p>\n<p>En la actualidad se considera esta ruta como el quinto Camino de Santiago de Navarra, est\u00e1 se\u00f1alizada y cuenta con los servicios necesarios para el peregrino.<\/p>\n<p>[\/et_pb_text][\/et_pb_column][\/et_pb_row][\/et_pb_section][et_pb_section fb_built=\u00bb1&#8243; fullwidth=\u00bbon\u00bb admin_label=\u00bbMapa\u00bb module_id=\u00bbBidea\u00bb _builder_version=\u00bb4.17.4&#8243; _module_preset=\u00bbdefault\u00bb global_colors_info=\u00bb{}\u00bb][et_pb_fullwidth_image src=\u00bbhttp:\/\/donejakuebidea.sakana.eus\/wp-content\/uploads\/2025\/11\/mapaes-1280&#215;496-1.jpg\u00bb title_text=\u00bbmapaes-1280&#215;496&#8243; admin_label=\u00bbImagen de anchura completa\u00bb _builder_version=\u00bb4.17.4&#8243; _module_preset=\u00bbdefault\u00bb hover_enabled=\u00bb0&#8243; global_colors_info=\u00bb{}\u00bb sticky_enabled=\u00bb0&#8243;][\/et_pb_fullwidth_image][\/et_pb_section][et_pb_section fb_built=\u00bb1&#8243; admin_label=\u00bbel recorrido\u00bb module_id=\u00bbhistoria\u00bb _builder_version=\u00bb4.17.4&#8243; _module_preset=\u00bbdefault\u00bb custom_margin=\u00bb||0px||false|false\u00bb custom_padding=\u00bb||0px||false|false\u00bb global_colors_info=\u00bb{}\u00bb][et_pb_row _builder_version=\u00bb4.17.4&#8243; _module_preset=\u00bbdefault\u00bb global_colors_info=\u00bb{}\u00bb][et_pb_column type=\u00bb4_4&#8243; _builder_version=\u00bb4.17.4&#8243; _module_preset=\u00bbdefault\u00bb global_colors_info=\u00bb{}\u00bb][et_pb_text admin_label=\u00bbTittle\u00bb _builder_version=\u00bb4.17.4&#8243; _module_preset=\u00bbdefault\u00bb text_font=\u00bbNunito||||||||\u00bb text_line_height=\u00bb1.8em\u00bb header_font=\u00bb||||||||\u00bb header_2_font=\u00bbOswald|||on|||||\u00bb header_2_text_align=\u00bbcenter\u00bb header_2_font_size=\u00bb40px\u00bb header_2_letter_spacing=\u00bb1px\u00bb header_2_line_height=\u00bb1.5em\u00bb header_3_font=\u00bb||||||||\u00bb max_width=\u00bb600px\u00bb max_width_last_edited=\u00bboff|desktop\u00bb module_alignment=\u00bbcenter\u00bb custom_margin=\u00bb|||\u00bb global_colors_info=\u00bb{}\u00bb]<\/p>\n<h2>El camino<\/h2>\n<p>[\/et_pb_text][\/et_pb_column][\/et_pb_row][et_pb_row column_structure=\u00bb2_3,1_3&#8243; _builder_version=\u00bb4.17.4&#8243; _module_preset=\u00bbdefault\u00bb global_colors_info=\u00bb{}\u00bb][et_pb_column type=\u00bb2_3&#8243; _builder_version=\u00bb4.17.4&#8243; _module_preset=\u00bbdefault\u00bb global_colors_info=\u00bb{}\u00bb][et_pb_text _builder_version=\u00bb4.17.4&#8243; _module_preset=\u00bbdefault\u00bb text_orientation=\u00bbjustified\u00bb global_colors_info=\u00bb{}\u00bb]<\/p>\n<p>Las se\u00f1ales a seguir son las siguientes:<\/p>\n<p>[\/et_pb_text][et_pb_gallery gallery_ids=\u00bb262,260,258&#8243; posts_number=\u00bb3&#8243; show_title_and_caption=\u00bboff\u00bb show_pagination=\u00bboff\u00bb _builder_version=\u00bb4.17.4&#8243; _module_preset=\u00bbdefault\u00bb global_colors_info=\u00bb{}\u00bb][\/et_pb_gallery][et_pb_button button_url=\u00bbhttps:\/\/donejakuebidea.sakana.eus\/wp-content\/uploads\/2022\/07\/Irurtzun-ziordi.zip\u00bb url_new_window=\u00bbon\u00bb button_text=\u00bbDESCARGAR TRACK\u00bb button_alignment=\u00bbleft\u00bb _builder_version=\u00bb4.17.4&#8243; _module_preset=\u00bbdefault\u00bb custom_button=\u00bbon\u00bb button_text_color=\u00bb#FFFFFF\u00bb button_bg_color=\u00bb#269646&#8243; button_border_color=\u00bb#269646&#8243; global_colors_info=\u00bb{}\u00bb][\/et_pb_button][et_pb_button button_url=\u00bbhttp:\/\/donejakuebidea.sakana.eus\/wp-content\/uploads\/2022\/07\/diptico_sakana_es.pdf\u00bb url_new_window=\u00bbon\u00bb button_text=\u00bbDESCARGAR DIPTICO\u00bb button_alignment=\u00bbleft\u00bb _builder_version=\u00bb4.17.4&#8243; _module_preset=\u00bbdefault\u00bb custom_button=\u00bbon\u00bb button_text_color=\u00bb#FFFFFF\u00bb button_bg_color=\u00bb#269646&#8243; button_border_color=\u00bb#269646&#8243; global_colors_info=\u00bb{}\u00bb][\/et_pb_button][et_pb_text _builder_version=\u00bb4.17.4&#8243; _module_preset=\u00bbdefault\u00bb global_colors_info=\u00bb{}\u00bb]<\/p>\n<p>\u00a1Atenci\u00f3n! Al abrir el track en Google Earth, no aparece seleccionado \u00abcrear linestrings kml\u00bb. Para visualizar el trazado completo hay que clicar en \u00e9l.<\/p>\n<p>[\/et_pb_text][\/et_pb_column][et_pb_column type=\u00bb1_3&#8243; _builder_version=\u00bb4.17.4&#8243; _module_preset=\u00bbdefault\u00bb global_colors_info=\u00bb{}\u00bb][et_pb_text _builder_version=\u00bb4.17.4&#8243; _module_preset=\u00bbdefault\u00bb custom_padding=\u00bb20px|20px|20px|20px|false|false\u00bb global_colors_info=\u00bb{}\u00bb]<\/p>\n<h3><strong>Buen Camino App<\/strong><\/h3>\n<p>[\/et_pb_text][et_pb_image src=\u00bbhttp:\/\/donejakuebidea.sakana.eus\/wp-content\/uploads\/2022\/07\/descargate_nuestra_app-300.jpg\u00bb title_text=\u00bbdescargate_nuestra_app-300&#8243; url=\u00bbhttps:\/\/www.editorialbuencamino.com\/app-del-camino-de-santiago\/\u00bb url_new_window=\u00bbon\u00bb align=\u00bbright\u00bb _builder_version=\u00bb4.17.4&#8243; _module_preset=\u00bbdefault\u00bb box_shadow_style=\u00bbpreset2&#8243; global_colors_info=\u00bb{}\u00bb][\/et_pb_image][et_pb_text _builder_version=\u00bb4.17.4&#8243; _module_preset=\u00bbdefault\u00bb custom_padding=\u00bb20px|20px|20px|20px|false|false\u00bb global_colors_info=\u00bb{}\u00bb]Descarga en tu m\u00f3vil la app Buen Camino, con el nombre de Camino de la Calzada, el Camino de Santiago de Sakana. Si tienes activada la ubicaci\u00f3n en el m\u00f3vil esta app te ir\u00e1 guiando por d\u00f3nde tienes que ir.[\/et_pb_text][\/et_pb_column][\/et_pb_row][et_pb_row column_structure=\u00bb1_4,1_4,1_4,1_4&#8243; use_custom_gutter=\u00bbon\u00bb gutter_width=\u00bb1&#8243; make_equal=\u00bbon\u00bb _builder_version=\u00bb4.17.4&#8243; _module_preset=\u00bbdefault\u00bb width=\u00bb100%\u00bb max_width=\u00bb2560px\u00bb module_alignment=\u00bbcenter\u00bb min_height=\u00bb500px\u00bb custom_margin=\u00bb20px||0px||false|false\u00bb custom_padding=\u00bb0px||0px||false|false\u00bb global_colors_info=\u00bb{}\u00bb][et_pb_column type=\u00bb1_4&#8243; _builder_version=\u00bb4.17.4&#8243; _module_preset=\u00bbdefault\u00bb background_image=\u00bbhttp:\/\/donejakuebidea.sakana.eus\/wp-content\/uploads\/2022\/07\/img503-scaled.jpg\u00bb global_colors_info=\u00bb{}\u00bb][et_pb_image src=\u00bbhttp:\/\/donejakuebidea.sakana.eus\/wp-content\/uploads\/2022\/07\/img503-scaled.jpg\u00bb title_text=\u00bbimg503&#8243; disabled_on=\u00bboff|on|on\u00bb _builder_version=\u00bb4.17.4&#8243; _module_preset=\u00bbdefault\u00bb global_colors_info=\u00bb{}\u00bb][\/et_pb_image][\/et_pb_column][et_pb_column type=\u00bb1_4&#8243; _builder_version=\u00bb4.17.4&#8243; _module_preset=\u00bbdefault\u00bb background_image=\u00bbhttp:\/\/donejakuebidea.sakana.eus\/wp-content\/uploads\/2022\/07\/img250-1.jpg\u00bb global_colors_info=\u00bb{}\u00bb][et_pb_image src=\u00bbhttp:\/\/donejakuebidea.sakana.eus\/wp-content\/uploads\/2022\/07\/img250-1.jpg\u00bb title_text=\u00bbimg250&#8243; disabled_on=\u00bboff|on|on\u00bb _builder_version=\u00bb4.17.4&#8243; _module_preset=\u00bbdefault\u00bb global_colors_info=\u00bb{}\u00bb][\/et_pb_image][\/et_pb_column][et_pb_column type=\u00bb1_4&#8243; _builder_version=\u00bb4.17.4&#8243; _module_preset=\u00bbdefault\u00bb background_image=\u00bbhttp:\/\/donejakuebidea.sakana.eus\/wp-content\/uploads\/2022\/07\/img499.jpg\u00bb global_colors_info=\u00bb{}\u00bb][et_pb_image src=\u00bbhttp:\/\/donejakuebidea.sakana.eus\/wp-content\/uploads\/2022\/07\/img499.jpg\u00bb title_text=\u00bbimg499&#8243; disabled_on=\u00bboff|on|on\u00bb _builder_version=\u00bb4.17.4&#8243; _module_preset=\u00bbdefault\u00bb global_colors_info=\u00bb{}\u00bb][\/et_pb_image][\/et_pb_column][et_pb_column type=\u00bb1_4&#8243; _builder_version=\u00bb4.17.4&#8243; _module_preset=\u00bbdefault\u00bb background_image=\u00bbhttp:\/\/donejakuebidea.sakana.eus\/wp-content\/uploads\/2022\/07\/img254.jpg\u00bb global_colors_info=\u00bb{}\u00bb][et_pb_image src=\u00bbhttp:\/\/donejakuebidea.sakana.eus\/wp-content\/uploads\/2022\/07\/img254.jpg\u00bb title_text=\u00bbimg254&#8243; disabled_on=\u00bboff|on|on\u00bb _builder_version=\u00bb4.17.4&#8243; _module_preset=\u00bbdefault\u00bb global_colors_info=\u00bb{}\u00bb][\/et_pb_image][\/et_pb_column][\/et_pb_row][\/et_pb_section][et_pb_section fb_built=\u00bb1&#8243; admin_label=\u00bbServicios\u00bb module_id=\u00bbservi\u00bb _builder_version=\u00bb4.17.4&#8243; _module_preset=\u00bbdefault\u00bb background_image=\u00bbhttp:\/\/donejakuebidea.sakana.eus\/wp-content\/uploads\/2022\/07\/img503-scaled.jpg\u00bb parallax=\u00bbon\u00bb parallax_method=\u00bboff\u00bb background_blend=\u00bbdarken\u00bb custom_padding=\u00bb100px||100px|\u00bb collapsed=\u00bboff\u00bb global_colors_info=\u00bb{}\u00bb][et_pb_row admin_label=\u00bbSection Header\u00bb _builder_version=\u00bb4.16&#8243; _module_preset=\u00bbdefault\u00bb module_alignment=\u00bbcenter\u00bb custom_padding=\u00bb40px|0px|40px|0px\u00bb global_colors_info=\u00bb{}\u00bb][et_pb_column type=\u00bb4_4&#8243; _builder_version=\u00bb4.16&#8243; _module_preset=\u00bbdefault\u00bb custom_padding=\u00bb|||\u00bb global_colors_info=\u00bb{}\u00bb custom_padding__hover=\u00bb|||\u00bb][et_pb_text admin_label=\u00bbTittle\u00bb _builder_version=\u00bb4.17.4&#8243; _module_preset=\u00bbdefault\u00bb text_font=\u00bbNunito||||||||\u00bb text_line_height=\u00bb1.8em\u00bb header_font=\u00bb||||||||\u00bb header_2_font=\u00bbOswald|||on|||||\u00bb header_2_text_align=\u00bbcenter\u00bb header_2_font_size=\u00bb40px\u00bb header_2_letter_spacing=\u00bb1px\u00bb header_2_line_height=\u00bb1.5em\u00bb header_3_font=\u00bb||||||||\u00bb max_width=\u00bb600px\u00bb max_width_last_edited=\u00bboff|desktop\u00bb module_alignment=\u00bbcenter\u00bb custom_margin=\u00bb|||\u00bb header_2_text_shadow_style=\u00bbpreset3&#8243; header_2_text_shadow_color=\u00bb#FFFFFF\u00bb global_colors_info=\u00bb{}\u00bb]<\/p>\n<h2>SERVICIOS<\/h2>\n<p>[\/et_pb_text][\/et_pb_column][\/et_pb_row][et_pb_row column_structure=\u00bb1_4,1_4,1_4,1_4&#8243; admin_label=\u00bbCoffee items\u00bb _builder_version=\u00bb4.17.4&#8243; _module_preset=\u00bbdefault\u00bb custom_margin=\u00bb|||\u00bb custom_padding=\u00bb60px|0px|60px|0px\u00bb global_colors_info=\u00bb{}\u00bb][et_pb_column type=\u00bb1_4&#8243; _builder_version=\u00bb4.17.4&#8243; _module_preset=\u00bbdefault\u00bb custom_padding=\u00bb|||\u00bb link_option_url=\u00bbhttps:\/\/www.sakana.eus\/alojamiento\/casas-rurales\/\u00bb link_option_url_new_window=\u00bbon\u00bb global_colors_info=\u00bb{}\u00bb custom_padding__hover=\u00bb|||\u00bb][et_pb_blurb title=\u00bbALOJAMIENTO\u00bb use_icon=\u00bbon\u00bb font_icon=\u00bb&#xe009;||divi||400&#8243; icon_color=\u00bb#FFFFFF\u00bb image_icon_background_color=\u00bbRGBA(255,255,255,0)\u00bb image_icon_width=\u00bb160px\u00bb admin_label=\u00bbcoffee Item\u00bb _builder_version=\u00bb4.17.4&#8243; _module_preset=\u00bbdefault\u00bb header_font=\u00bbOswald|||on|\u00bb header_text_align=\u00bbcenter\u00bb header_text_color=\u00bb#FFFFFF\u00bb header_font_size=\u00bb20px\u00bb header_letter_spacing=\u00bb1px\u00bb header_line_height=\u00bb1.7em\u00bb body_font=\u00bbNunito||||\u00bb body_text_align=\u00bbcenter\u00bb body_text_color=\u00bb#FFFFFF\u00bb body_line_height=\u00bb1.8em\u00bb text_orientation=\u00bbcenter\u00bb animation=\u00bbright\u00bb image_max_width=\u00bb280px\u00bb global_colors_info=\u00bb{}\u00bb][\/et_pb_blurb][\/et_pb_column][et_pb_column type=\u00bb1_4&#8243; _builder_version=\u00bb4.17.4&#8243; _module_preset=\u00bbdefault\u00bb custom_padding=\u00bb|||\u00bb link_option_url=\u00bbhttps:\/\/www.sakana.eus\/restaurantes\/\u00bb link_option_url_new_window=\u00bbon\u00bb global_colors_info=\u00bb{}\u00bb custom_padding__hover=\u00bb|||\u00bb][et_pb_blurb title=\u00bbRESTAURANTES\u00bb use_icon=\u00bbon\u00bb font_icon=\u00bb&#xf2e7;||fa||900&#8243; icon_color=\u00bb#FFFFFF\u00bb image_icon_background_color=\u00bbRGBA(255,255,255,0)\u00bb image_icon_width=\u00bb160px\u00bb admin_label=\u00bbcoffee Item\u00bb _builder_version=\u00bb4.17.4&#8243; _module_preset=\u00bbdefault\u00bb header_font=\u00bbOswald|||on|\u00bb header_text_align=\u00bbcenter\u00bb header_text_color=\u00bb#FFFFFF\u00bb header_font_size=\u00bb20px\u00bb header_letter_spacing=\u00bb1px\u00bb header_line_height=\u00bb1.7em\u00bb body_font=\u00bbNunito||||\u00bb body_text_align=\u00bbcenter\u00bb body_text_color=\u00bb#FFFFFF\u00bb body_line_height=\u00bb1.8em\u00bb text_orientation=\u00bbcenter\u00bb animation=\u00bbright\u00bb image_max_width=\u00bb280px\u00bb global_colors_info=\u00bb{}\u00bb][\/et_pb_blurb][\/et_pb_column][et_pb_column type=\u00bb1_4&#8243; _builder_version=\u00bb4.17.4&#8243; _module_preset=\u00bbdefault\u00bb custom_padding=\u00bb|||\u00bb link_option_url=\u00bbhttps:\/\/www.sakana.eus\/descubra-la-region\/transporte-publico\/\u00bb link_option_url_new_window=\u00bbon\u00bb global_colors_info=\u00bb{}\u00bb custom_padding__hover=\u00bb|||\u00bb][et_pb_blurb title=\u00bbTRANSPORTE P\u00daBLICO\u00bb use_icon=\u00bbon\u00bb font_icon=\u00bb&#xf207;||fa||900&#8243; icon_color=\u00bb#FFFFFF\u00bb image_icon_background_color=\u00bbRGBA(255,255,255,0)\u00bb image_icon_width=\u00bb160px\u00bb admin_label=\u00bbcoffee Item\u00bb _builder_version=\u00bb4.17.4&#8243; _module_preset=\u00bbdefault\u00bb header_font=\u00bbOswald|||on|\u00bb header_text_align=\u00bbcenter\u00bb header_text_color=\u00bb#FFFFFF\u00bb header_font_size=\u00bb20px\u00bb header_letter_spacing=\u00bb1px\u00bb header_line_height=\u00bb1.7em\u00bb body_font=\u00bbNunito||||\u00bb body_text_align=\u00bbcenter\u00bb body_text_color=\u00bb#FFFFFF\u00bb body_line_height=\u00bb1.8em\u00bb text_orientation=\u00bbcenter\u00bb animation=\u00bbright\u00bb image_max_width=\u00bb280px\u00bb global_colors_info=\u00bb{}\u00bb][\/et_pb_blurb][\/et_pb_column][et_pb_column type=\u00bb1_4&#8243; _builder_version=\u00bb4.17.4&#8243; _module_preset=\u00bbdefault\u00bb custom_padding=\u00bb|||\u00bb link_option_url=\u00bbhttps:\/\/www.sakana.eus\/descubra-la-region\/centros-de-salud\/\u00bb link_option_url_new_window=\u00bbon\u00bb global_colors_info=\u00bb{}\u00bb custom_padding__hover=\u00bb|||\u00bb][et_pb_blurb title=\u00bbSERVICIOS SANITARIOS\u00bb use_icon=\u00bbon\u00bb font_icon=\u00bb&#xf7f2;||fa||900&#8243; icon_color=\u00bb#FFFFFF\u00bb image_icon_background_color=\u00bbRGBA(255,255,255,0)\u00bb image_icon_width=\u00bb160px\u00bb admin_label=\u00bbcoffee Item\u00bb _builder_version=\u00bb4.17.4&#8243; _module_preset=\u00bbdefault\u00bb header_font=\u00bbOswald|||on|\u00bb header_text_align=\u00bbcenter\u00bb header_text_color=\u00bb#FFFFFF\u00bb header_font_size=\u00bb20px\u00bb header_letter_spacing=\u00bb1px\u00bb header_line_height=\u00bb1.7em\u00bb body_font=\u00bbNunito||||\u00bb body_text_align=\u00bbcenter\u00bb body_text_color=\u00bb#FFFFFF\u00bb body_line_height=\u00bb1.8em\u00bb text_orientation=\u00bbcenter\u00bb animation=\u00bbright\u00bb image_max_width=\u00bb280px\u00bb global_colors_info=\u00bb{}\u00bb][\/et_pb_blurb][\/et_pb_column][\/et_pb_row][\/et_pb_section]<\/p>\n","protected":false},"excerpt":{"rendered":"<p>Protegido por las sierras de Aralar, Urbasa y And\u00eda, al noroeste de Navarra, se encuentra el hermoso valle de Sakana, un largo corredor de verdes praderas y antiguos bosques de robles y hayas. A ambos lados del r\u00edo Burunda-Arakil, que recorre el valle de este a oeste, se encuentran sus 30 pueblos, que hasta hace [&hellip;]<\/p>\n","protected":false},"author":1,"featured_media":0,"parent":0,"menu_order":0,"comment_status":"closed","ping_status":"closed","template":"","meta":{"_et_pb_use_builder":"on","_et_pb_old_content":"","_et_gb_content_width":""},"_links":{"self":[{"href":"http:\/\/donejakuebidea.sakana.eus\/es\/wp-json\/wp\/v2\/pages\/241"}],"collection":[{"href":"http:\/\/donejakuebidea.sakana.eus\/es\/wp-json\/wp\/v2\/pages"}],"about":[{"href":"http:\/\/donejakuebidea.sakana.eus\/es\/wp-json\/wp\/v2\/types\/page"}],"author":[{"embeddable":true,"href":"http:\/\/donejakuebidea.sakana.eus\/es\/wp-json\/wp\/v2\/users\/1"}],"replies":[{"embeddable":true,"href":"http:\/\/donejakuebidea.sakana.eus\/es\/wp-json\/wp\/v2\/comments?post=241"}],"version-history":[{"count":23,"href":"http:\/\/donejakuebidea.sakana.eus\/es\/wp-json\/wp\/v2\/pages\/241\/revisions"}],"predecessor-version":[{"id":356,"href":"http:\/\/donejakuebidea.sakana.eus\/es\/wp-json\/wp\/v2\/pages\/241\/revisions\/356"}],"wp:attachment":[{"href":"http:\/\/donejakuebidea.sakana.eus\/es\/wp-json\/wp\/v2\/media?parent=241"}],"curies":[{"name":"wp","href":"https:\/\/api.w.org\/{rel}","templated":true}]}}